{"id":37,"date":"2019-02-05T20:42:13","date_gmt":"2019-02-05T19:42:13","guid":{"rendered":"https:\/\/www.albert-meier.de\/wordpress\/?page_id=37"},"modified":"2024-05-12T17:06:48","modified_gmt":"2024-05-12T15:06:48","slug":"akademischer-lebenslauf","status":"publish","type":"page","link":"https:\/\/www.albert-meier.de\/wordpress\/akademischer-lebenslauf\/","title":{"rendered":"Akademischer Lebenslauf"},"content":{"rendered":"<table class=\"invisible\">\n<tbody>\n<tr>\n<td>1952<\/td>\n<td>geb. in M\u00fcnchen<\/td>\n<\/tr>\n<tr>\n<td>1973-1978<\/td>\n<td>Studium der Deutschen Philologie, Philosophie und Italianistik an der Ludwig-Maximilians-Universit\u00e4t M\u00fcnchen (Abschluss: M.A.)<\/td>\n<\/tr>\n<tr>\n<td>1980<\/td>\n<td>Promotion zum Dr. phil. an der Universit\u00e4t Bremen (Dissertation: Georg B\u00fcchners \u00c4sthetik)<\/td>\n<\/tr>\n<tr>\n<td>1981-1983<\/td>\n<td>Wissenschaftlicher Mitarbeiter an der Universit\u00e4t Regensburg (Lehrstuhl Prof. Dr. Bernhard Gajek)<\/td>\n<\/tr>\n<tr>\n<td>1983-1989<\/td>\n<td>Wissenschaftlicher Assistent an der Universit\u00e4t Regensburg (Lehrstuhl Prof. Dr. Bernhard Gajek)<\/td>\n<\/tr>\n<tr>\n<td>1990<\/td>\n<td>Habilitation an der Universit\u00e4t Regensburg (Dramaturgie der Bewunderung. Die politisch-klassiszistische Trag\u00f6die des 18. Jahrhunderts)<\/td>\n<\/tr>\n<tr>\n<td>1990-1994<\/td>\n<td>Wissenschaftlicher Oberassistent an der Universit\u00e4t Regensburg (Lehrstuhl Prof. Dr. Bernhard Gajek)<\/td>\n<\/tr>\n<tr>\n<td>Wintersemester 1992\/93<\/td>\n<td>Vertretung einer C4-Professur an der Universit\u00e4t Bielefeld<\/td>\n<\/tr>\n<tr>\n<td>Sommersemester 1993\u2212 Sommersemester 1995<\/td>\n<td>Vertretung einer C3-Professur an der Christian-Albrechts-Universit\u00e4t zu Kiel<\/td>\n<\/tr>\n<tr>\n<td>1. Oktober 1995<\/td>\n<td>Berufung auf die C3-Professur f\u00fcr Neuere deutsche Literaturgeschichte an der Christian-Albrechts-Universit\u00e4t zu Kiel<\/td>\n<\/tr>\n<tr>\n<td>1998-2000<\/td>\n<td>Prodekan f\u00fcr Studienangelegenheiten der Philosophischen Fakult\u00e4t der Christian-Albrechts-Universit\u00e4t zu Kiel<\/td>\n<\/tr>\n<tr>\n<td>2002-2004<\/td>\n<td>Dekan der Philosophischen Fakult\u00e4t der Christian-Albrechts-Universit\u00e4t zu Kiel<\/td>\n<\/tr>\n<tr>\n<td>2004-2006<\/td>\n<td>Prodekan der Philosophischen Fakult\u00e4t der Christian-Albrechts-Universit\u00e4t zu Kiel; Mitglied des Senats der Christian-Albrechts-Universit\u00e4t zu Kiel<\/td>\n<\/tr>\n<tr>\n<td>2007-2015<\/td>\n<td>Mitherausgeber des Goethe-Jahrbuchs<\/td>\n<\/tr>\n<tr>\n<td>2008-2022<\/td>\n<td>Ordentliches Mitglied der Akademie der Wissenschaften in Hamburg<\/td>\n<\/tr>\n<tr>\n<td>2009-2021<\/td>\n<td>Mitglied des Zentrums f\u00fcr Klassikforschung (Weimar)<\/td>\n<\/tr>\n<tr>\n<td>2011-2019<\/td>\n<td>Mitglied im Vorstand der Goethe-Gesellschaft Weimar<\/td>\n<\/tr>\n<\/tbody>\n<\/table>\n<p>Gastdozenturen: Uniwersytet im. Adama Mickiewicza w Poznaniu; Tartu \u00dclikool; Universit\u00e0 degli Studi di Milano; Beijing Institute of Technology; Universit\u00e0 di Catania, Universit\u00e0 degli Studi di Bari ALDO MORO<\/p>\n","protected":false},"excerpt":{"rendered":"<p>1952 geb. in M\u00fcnchen 1973-1978 Studium der Deutschen Philologie, Philosophie und Italianistik an der Ludwig-Maximilians-Universit\u00e4t M\u00fcnchen (Abschluss: M.A.) 1980 Promotion zum Dr. phil. an der Universit\u00e4t Bremen (Dissertation: Georg B\u00fcchners \u00c4sthetik) 1981-1983 Wissenschaftlicher Mitarbeiter an der Universit\u00e4t Regensburg (Lehrstuhl Prof. Dr. Bernhard Gajek) 1983-1989 Wissenschaftlicher Assistent an der Universit\u00e4t Regensburg (Lehrstuhl Prof. Dr. Bernhard Gajek) [&hellip;]<\/p>\n","protected":false},"author":1,"featured_media":0,"parent":0,"menu_order":0,"comment_status":"closed","ping_status":"closed","template":"","meta":[],"_links":{"self":[{"href":"https:\/\/www.albert-meier.de\/wordpress\/wp-json\/wp\/v2\/pages\/37"}],"collection":[{"href":"https:\/\/www.albert-meier.de\/wordpress\/wp-json\/wp\/v2\/pages"}],"about":[{"href":"https:\/\/www.albert-meier.de\/wordpress\/wp-json\/wp\/v2\/types\/page"}],"author":[{"embeddable":true,"href":"https:\/\/www.albert-meier.de\/wordpress\/wp-json\/wp\/v2\/users\/1"}],"replies":[{"embeddable":true,"href":"https:\/\/www.albert-meier.de\/wordpress\/wp-json\/wp\/v2\/comments?post=37"}],"version-history":[{"count":9,"href":"https:\/\/www.albert-meier.de\/wordpress\/wp-json\/wp\/v2\/pages\/37\/revisions"}],"predecessor-version":[{"id":326,"href":"https:\/\/www.albert-meier.de\/wordpress\/wp-json\/wp\/v2\/pages\/37\/revisions\/326"}],"wp:attachment":[{"href":"https:\/\/www.albert-meier.de\/wordpress\/wp-json\/wp\/v2\/media?parent=37"}],"curies":[{"name":"wp","href":"https:\/\/api.w.org\/{rel}","templated":true}]}}